{"id":2246,"date":"2013-09-04T17:51:13","date_gmt":"2013-09-04T15:51:13","guid":{"rendered":"http:\/\/www.apartamentsramblanova.com\/?page_id=2246"},"modified":"2013-09-04T17:52:06","modified_gmt":"2013-09-04T15:52:06","slug":"entorno","status":"publish","type":"page","link":"https:\/\/www.apartamentsramblanova.com\/es\/entorno\/","title":{"rendered":"Entorno"},"content":{"rendered":"<p>Igualada se la capital de la comarca de la Anoia, situada esta en el centro de Catalu\u00f1a. Cuenta con 32.000 habitantes aproximadamente y su actividad econ\u00f3mica est\u00e1 en el comercio y las industrias textiles y de la piel.<\/p>\n<p><strong> Puntos de interes de Igualada y comarca: <\/strong><\/p>\n<p>Casco antiguo, calles y Bas\u00edlica de Santa. maria<\/p>\n<ul>\n<li>El Asilo de la St.. Cristo<\/li>\n<li>Museo de la Piel<\/li>\n<li>Museo del porteador<\/li>\n<li>Museo Molino Papelero (Capellades)<\/li>\n<li>Cementerio nuevo (obra del arquitecto Enric Miralles)<\/li>\n<\/ul>\n<p>Debido a la tradici\u00f3n textil, el centro de la ciudad cuenta con una amplia oferta de <strong> tiendas de f\u00e1brica <\/strong>, las outlets.<\/p>\n<p><strong> Actividades de ocio y naturaleza: <\/strong><\/p>\n<ul>\n<li>Vuelos en globo<\/li>\n<li>Visita al Castillo de Claramunt (La Puebla de Caramunt)<\/li>\n<li>Ruta en quad s<\/li>\n<\/ul>\n<p><strong> Fiestas y tradiciones de Igualada: <\/strong><\/p>\n<ul>\n<li>Reyes de Igualada (Enero)<\/li>\n<li>Tres Tombs de Igualada (Enero)<\/li>\n<li>Aerosport (Julio)<\/li>\n<li>European Ballon Festival (Julio)<\/li>\n<li>Feria Multisectorial (Septiembre)<\/li>\n<\/ul>\n<p>&nbsp;<\/p>\n<p>&nbsp;<\/p>\n<p>&nbsp;<\/p>\n","protected":false},"excerpt":{"rendered":"<p>Igualada se la capital de la comarca de la Anoia, situada esta en el centro de Catalu\u00f1a. Cuenta con 32.000 habitantes aproximadamente y su actividad econ\u00f3mica est\u00e1 en el comercio y las industrias textiles y de la piel. Puntos de interes de Igualada y comarca: Casco antiguo, calles y Bas\u00edlica de Santa. maria El Asilo [&hellip;]<\/p>\n","protected":false},"author":1,"featured_media":0,"parent":0,"menu_order":0,"comment_status":"open","ping_status":"open","template":"","meta":{"footnotes":""},"class_list":["post-2246","page","type-page","status-publish","hentry"],"_links":{"self":[{"href":"https:\/\/www.apartamentsramblanova.com\/es\/wp-json\/wp\/v2\/pages\/2246","targetHints":{"allow":["GET"]}}],"collection":[{"href":"https:\/\/www.apartamentsramblanova.com\/es\/wp-json\/wp\/v2\/pages"}],"about":[{"href":"https:\/\/www.apartamentsramblanova.com\/es\/wp-json\/wp\/v2\/types\/page"}],"author":[{"embeddable":true,"href":"https:\/\/www.apartamentsramblanova.com\/es\/wp-json\/wp\/v2\/users\/1"}],"replies":[{"embeddable":true,"href":"https:\/\/www.apartamentsramblanova.com\/es\/wp-json\/wp\/v2\/comments?post=2246"}],"version-history":[{"count":0,"href":"https:\/\/www.apartamentsramblanova.com\/es\/wp-json\/wp\/v2\/pages\/2246\/revisions"}],"wp:attachment":[{"href":"https:\/\/www.apartamentsramblanova.com\/es\/wp-json\/wp\/v2\/media?parent=2246"}],"curies":[{"name":"wp","href":"https:\/\/api.w.org\/{rel}","templated":true}]}}