{"id":2243,"date":"2013-09-04T17:48:11","date_gmt":"2013-09-04T15:48:11","guid":{"rendered":"http:\/\/www.apartamentsramblanova.com\/?page_id=2243"},"modified":"2016-05-31T17:49:24","modified_gmt":"2016-05-31T15:49:24","slug":"apartamentos","status":"publish","type":"page","link":"https:\/\/www.apartamentsramblanova.com\/es\/apartamentos\/","title":{"rendered":"Apartamentos"},"content":{"rendered":"<p><strong>Precisa de una vivienda completamente amueblado y equipado, por un per\u00edodo corto de tiempo o a medio plazo?<\/strong><\/p>\n<p>Nuestros apartamentos, son un combinaci\u00f3n de la mejor ubicaci\u00f3n en Igualada, con la comodidad y el confort de su propia casa. Adem\u00e1s, est\u00e1n equipados con todo lo necesario para entrar a vivir.<\/p>\n<p>No s\u00f3lo para cortas o largas estancias, sino tambi\u00e9n para las vacaciones en familia, compa\u00f1\u00edas art\u00edsticas, viajes de negocios, cursos acad\u00e9micos, etc.<\/p>\n<p><strong>En nuestros apartamentos, encontrar\u00e1 todas las ventajas que le ofrece un hotel con todo el confort y la intimidad de una casa.<\/strong><\/p>\n<p>Si lo que usted necesita, es una vivienda por un corto periodo de tiempo, no lo dude, los apartamentos Rambla Nova encontrar\u00e1 la soluci\u00f3n definitiva.<\/p>\n<p>En el centro de Igualada disponemos de apartamentos de entre 30 y 50 metros cuadrados. Nuestro establecimiento, combina los servicios de un hotel, con las dimensiones y acabados de los mejores apartamentos de Igualada. Apartamentos Rambla Nova, es la mejor opci\u00f3n tanto para estancias de 15 d\u00edas como por per\u00edodos m\u00e1s extensos y se perfecto para viajes de negocios, familiares, reformas de casa o bien para cursar estudios acad\u00e9micos.<\/p>\n<p>Olv\u00eddese de las preocupaciones que genera un alquiler tradicional. Buscar vivienda con muebles y equipado, constituci\u00f3n de dep\u00f3sitos y fianzas, altas de los contadores de los servicios b\u00e1sicos como el agua, el gas o la electricidad.<\/p>\n<p>En nuestros apartamentos podr\u00e1 disfrutar desde el primer momento de todas las comodidades, con servicio de limpieza y lavander\u00eda.<\/p>\n<p><strong>EST\u00c1NDARES <\/strong>: de 30 m2 y con una capacidad m\u00e1xima para 2 personas. Habitaci\u00f3n doble con 2 camas, cocina-comedor y ba\u00f1o.<\/p>\n<p><strong> DUPLEX <\/strong>: de 35 a 50 m2, capacidad de 2 a 3 personas.<br \/>\nPlanta baja: cocina comedor.<br \/>\nPlanta superior: habitaci\u00f3n con cama doble y ba\u00f1o completo<\/p>\n<p>Algunos duplex tienen tambi\u00e9n terraza privada y otra habitaci\u00f3n individual con ba\u00f1o propio. Todos ellos est\u00e1n completamente insonorizados y disponen de:<\/p>\n<ul>\n<li>portero autom\u00e1tico<\/li>\n<li>cocina equipada<\/li>\n<li>comedor con televisi\u00f3n de plasma<\/li>\n<li>ba\u00f1o completo<\/li>\n<li>aire condiocionat<\/li>\n<li>calefacci\u00f3n<\/li>\n<li>balc\u00f3n exterior<\/li>\n<\/ul>\n<p><strong> incluye todo lo necesario para el d\u00eda a d\u00eda: <\/strong><\/p>\n<ul>\n<li>vajilla<\/li>\n<li>menaje<\/li>\n<li>toallas<\/li>\n<\/ul>\n<p>servicios:<\/p>\n<ul>\n<li>lavander\u00eda<\/li>\n<li>facilidad de aparcamiento cerca de los apartamentos<\/li>\n<\/ul>\n","protected":false},"excerpt":{"rendered":"<p>Precisa de una vivienda completamente amueblado y equipado, por un per\u00edodo corto de tiempo o a medio plazo? Nuestros apartamentos, son un combinaci\u00f3n de la mejor ubicaci\u00f3n en Igualada, con la comodidad y el confort de su propia casa. Adem\u00e1s, est\u00e1n equipados con todo lo necesario para entrar a vivir. No s\u00f3lo para cortas o [&hellip;]<\/p>\n","protected":false},"author":1,"featured_media":0,"parent":0,"menu_order":0,"comment_status":"open","ping_status":"open","template":"","meta":{"footnotes":""},"class_list":["post-2243","page","type-page","status-publish","hentry"],"_links":{"self":[{"href":"https:\/\/www.apartamentsramblanova.com\/es\/wp-json\/wp\/v2\/pages\/2243","targetHints":{"allow":["GET"]}}],"collection":[{"href":"https:\/\/www.apartamentsramblanova.com\/es\/wp-json\/wp\/v2\/pages"}],"about":[{"href":"https:\/\/www.apartamentsramblanova.com\/es\/wp-json\/wp\/v2\/types\/page"}],"author":[{"embeddable":true,"href":"https:\/\/www.apartamentsramblanova.com\/es\/wp-json\/wp\/v2\/users\/1"}],"replies":[{"embeddable":true,"href":"https:\/\/www.apartamentsramblanova.com\/es\/wp-json\/wp\/v2\/comments?post=2243"}],"version-history":[{"count":0,"href":"https:\/\/www.apartamentsramblanova.com\/es\/wp-json\/wp\/v2\/pages\/2243\/revisions"}],"wp:attachment":[{"href":"https:\/\/www.apartamentsramblanova.com\/es\/wp-json\/wp\/v2\/media?parent=2243"}],"curies":[{"name":"wp","href":"https:\/\/api.w.org\/{rel}","templated":true}]}}