{"id":2240,"date":"2013-09-04T17:46:59","date_gmt":"2013-09-04T15:46:59","guid":{"rendered":"http:\/\/www.apartamentsramblanova.com\/?page_id=2240"},"modified":"2014-05-21T12:24:48","modified_gmt":"2014-05-21T10:24:48","slug":"localitzacion","status":"publish","type":"page","link":"https:\/\/www.apartamentsramblanova.com\/es\/localitzacion\/","title":{"rendered":"Localitzaci\u00f3n"},"content":{"rendered":"<p>El edificio goza de una privilegiada localizaci\u00f3n en <strong> CENTRO DE LA CIUDAD <\/strong>. Esto permitir\u00e1 que el cliente tenga cualquier servicio o establecimiento de la zona a su alcance y en pocos minutos, sin embargo, la proximidad de la estaci\u00f3n de tren y autobuses as\u00ed como las paradas de autobuses a lo largo del Paseo Verdaguer de Igualada, favorecen la directa conexi\u00f3n con la ciudad de Barcelona.<\/p>\n<p>&nbsp;<\/p>\n<p><iframe loading=\"lazy\" src=\"https:\/\/www.google.com\/maps\/embed?pb=!1m14!1m8!1m3!1d2984.509142365273!2d1.6155659999999996!3d41.579867!3m2!1i1024!2i768!4f13.1!3m3!1m2!1s0x0%3A0xcaee18c9bd0205e4!2sApartaments+Ramblanova!5e0!3m2!1sca!2ses!4v1400667790944\" width=\"980\" height=\"450\" frameborder=\"0\" style=\"border:0\"><\/iframe><\/p>\n","protected":false},"excerpt":{"rendered":"<p>El edificio goza de una privilegiada localizaci\u00f3n en CENTRO DE LA CIUDAD . Esto permitir\u00e1 que el cliente tenga cualquier servicio o establecimiento de la zona a su alcance y en pocos minutos, sin embargo, la proximidad de la estaci\u00f3n de tren y autobuses as\u00ed como las paradas de autobuses a lo largo del Paseo [&hellip;]<\/p>\n","protected":false},"author":1,"featured_media":0,"parent":0,"menu_order":0,"comment_status":"open","ping_status":"open","template":"","meta":{"footnotes":""},"class_list":["post-2240","page","type-page","status-publish","hentry"],"_links":{"self":[{"href":"https:\/\/www.apartamentsramblanova.com\/es\/wp-json\/wp\/v2\/pages\/2240","targetHints":{"allow":["GET"]}}],"collection":[{"href":"https:\/\/www.apartamentsramblanova.com\/es\/wp-json\/wp\/v2\/pages"}],"about":[{"href":"https:\/\/www.apartamentsramblanova.com\/es\/wp-json\/wp\/v2\/types\/page"}],"author":[{"embeddable":true,"href":"https:\/\/www.apartamentsramblanova.com\/es\/wp-json\/wp\/v2\/users\/1"}],"replies":[{"embeddable":true,"href":"https:\/\/www.apartamentsramblanova.com\/es\/wp-json\/wp\/v2\/comments?post=2240"}],"version-history":[{"count":0,"href":"https:\/\/www.apartamentsramblanova.com\/es\/wp-json\/wp\/v2\/pages\/2240\/revisions"}],"wp:attachment":[{"href":"https:\/\/www.apartamentsramblanova.com\/es\/wp-json\/wp\/v2\/media?parent=2240"}],"curies":[{"name":"wp","href":"https:\/\/api.w.org\/{rel}","templated":true}]}}